{"id":192,"date":"2025-10-04T14:42:39","date_gmt":"2025-10-04T12:42:39","guid":{"rendered":"https:\/\/barloventoservicios.com\/web\/?page_id=192"},"modified":"2025-10-15T23:50:32","modified_gmt":"2025-10-15T21:50:32","slug":"gestion-de-la-seguridad-operacional","status":"publish","type":"page","link":"https:\/\/barloventoservicios.com\/web\/gestion-de-la-seguridad-operacional\/","title":{"rendered":"GESTI\u00d3N DE LA SEGURIDAD OPERACIONAL"},"content":{"rendered":"<p>[et_pb_section fb_built=\u00bb1&#8243; _builder_version=\u00bb4.27.4&#8243; _module_preset=\u00bbdefault\u00bb background_image=\u00bbhttps:\/\/barloventoservicios.com\/web\/wp-content\/uploads\/2025\/10\/Banner-Servicios.jpg\u00bb global_colors_info=\u00bb{}\u00bb][et_pb_row _builder_version=\u00bb4.27.4&#8243; _module_preset=\u00bbdefault\u00bb global_colors_info=\u00bb{}\u00bb][et_pb_column type=\u00bb4_4&#8243; _builder_version=\u00bb4.27.4&#8243; _module_preset=\u00bbdefault\u00bb global_colors_info=\u00bb{}\u00bb][\/et_pb_column][\/et_pb_row][et_pb_row _builder_version=\u00bb4.27.4&#8243; _module_preset=\u00bbdefault\u00bb global_colors_info=\u00bb{}\u00bb][et_pb_column type=\u00bb4_4&#8243; _builder_version=\u00bb4.27.4&#8243; _module_preset=\u00bbdefault\u00bb global_colors_info=\u00bb{}\u00bb][et_pb_text _builder_version=\u00bb4.27.4&#8243; _module_preset=\u00bbdefault\u00bb text_font=\u00bb||||||||\u00bb text_text_color=\u00bb#FFFFFF\u00bb text_font_size=\u00bb20px\u00bb header_font=\u00bbPoppins|600|||||||\u00bb header_text_color=\u00bb#FFFFFF\u00bb text_orientation=\u00bbcenter\u00bb global_colors_info=\u00bb{}\u00bb]<\/p>\n<h1>GESTI\u00d3N DE LA SEGURIDAD OPERACIONAL<\/h1>\n<p>Elaboraci\u00f3n, dise\u00f1o, desarrollo, implementaci\u00f3n, acompa\u00f1amiento del sistema de gesti\u00f3n de seguridad operacional basado en el c\u00f3digo IGSISM CODE<\/p>\n<p>[\/et_pb_text][\/et_pb_column][\/et_pb_row][et_pb_row _builder_version=\u00bb4.27.4&#8243; _module_preset=\u00bbdefault\u00bb global_colors_info=\u00bb{}\u00bb][et_pb_column type=\u00bb4_4&#8243; _builder_version=\u00bb4.27.4&#8243; _module_preset=\u00bbdefault\u00bb global_colors_info=\u00bb{}\u00bb][\/et_pb_column][\/et_pb_row][\/et_pb_section][et_pb_section fb_built=\u00bb1&#8243; _builder_version=\u00bb4.27.4&#8243; _module_preset=\u00bbdefault\u00bb global_colors_info=\u00bb{}\u00bb][et_pb_row _builder_version=\u00bb4.27.4&#8243; _module_preset=\u00bbdefault\u00bb global_colors_info=\u00bb{}\u00bb][et_pb_column type=\u00bb4_4&#8243; _builder_version=\u00bb4.27.4&#8243; _module_preset=\u00bbdefault\u00bb global_colors_info=\u00bb{}\u00bb][et_pb_text _builder_version=\u00bb4.27.4&#8243; _module_preset=\u00bbdefault\u00bb text_text_color=\u00bb#000000&#8243; text_orientation=\u00bbjustified\u00bb hover_enabled=\u00bb0&#8243; global_colors_info=\u00bb{}\u00bb custom_css_free_form=\u00bbselector {||  text-align: justify;||  hyphens: auto;||  -webkit-hyphens: auto;||  -moz-hyphens: auto;||  -ms-hyphens: auto;||  overflow-wrap: break-word; \/* evita huecos grandes *\/||  word-break: normal;        \/* cortes normales de palabra *\/||  word-spacing: normal;||  letter-spacing: normal;||}||\u00bb sticky_enabled=\u00bb0&#8243;]<\/p>\n<p><strong>De acuerdo al C\u00f3digo IGS\/ISM Code y lo dispuesto en el Cap\u00edtulo IX del Convenio SOLAS, todas las Compa\u00f1\u00edas Navieras deben tener un Sistema de Gesti\u00f3n Operacional y Protecci\u00f3n del Medio Marino el cual es OBLIGATORIO.<\/strong><\/p>\n<p>Desde Barlovento Servicios Profesionales colaboramos con las Compa\u00f1\u00edas ofreciendo nuestros Profesionales que cuentan con muchos a\u00f1os de experiencia en la materia, tanto desde el sector p\u00fablico como Inspector y Auditor por la Autoridad Mar\u00edtima como desde el \u00e1mbito privado, asesorando y acompa\u00f1ando distintas empresas y compa\u00f1\u00edas, adem\u00e1s de dictar distintos cursos, formaciones y preparando personal especializado.<\/p>\n<p>Nuestro principal servicio es DISE\u00d1AR, ELABORAR, DESAROLLAR, IMPLEMENTAR Y ACOMPA\u00d1AR A LA COMPA\u00d1IA EN UN SISTEMA DE GESTI\u00d3N DE LA SEGURIDAD OPERACIONAL BASADO EN EL CODIGO IGS\/ISM CODE BAJO LOS EST\u00c1NDARES INTERNACIONALES Y MEJORES PRACTICAS GLOBALES, ADECUADO A LAS NECESIDAD Y REALIDAD DE LA COMPA\u00d1IA Y SUS OPERACIONES<\/p>\n<p>Si usted nos elige, nuestro servicio comprende:<\/p>\n<ul>\n<li>Desarrollo de los Manuales IGS\/ISM que incluyan las Pol\u00edticas de Seguridad y Protecci\u00f3n del Medio Ambiente<\/li>\n<li>Elaboraci\u00f3n de los Procedimientos e Instructivos que correspondan para operaciones seguras en todos los buques junto a Listas de Chequeo para las distintas operativas.<\/li>\n<li>Definici\u00f3n de los distintos niveles de autoridad y l\u00edneas de comando y comunicaciones dentro de la Compa\u00f1\u00eda, acorde al IGS<\/li>\n<li>Acompa\u00f1amiento para la implementaci\u00f3n eficaz y efectiva en la Compa\u00f1\u00eda como en cada uno de los buques del Sistema con apoyo y asesoramiento a las DPAs.<\/li>\n<li>Formaci\u00f3n y capacitaci\u00f3n en nivel en tierra como a bordo, as\u00ed como participaci\u00f3n en distintos Talleres y Seminarios organizados por Barlovento Servicios Profesionales.<\/li>\n<li>Presencia efectiva en todos los buques para favorecer la implementaci\u00f3n mediante personal especializado<\/li>\n<li>Auditor\u00edas internas de evaluaci\u00f3n para preparar la Auditor\u00eda Anual y Certificaci\u00f3n por parte de una Sociedad de Clasificaci\u00f3n que la compa\u00f1\u00eda determine<\/li>\n<li>Preparaci\u00f3n para la Certificaci\u00f3n y Auditor\u00eda Anual de la Autoridad Mar\u00edtima u Organizaci\u00f3n Reconocida<\/li>\n<\/ul>\n<p>[\/et_pb_text][\/et_pb_column][\/et_pb_row][\/et_pb_section]<\/p>\n","protected":false},"excerpt":{"rendered":"<p>GESTI\u00d3N DE LA SEGURIDAD OPERACIONAL Elaboraci\u00f3n, dise\u00f1o, desarrollo, implementaci\u00f3n, acompa\u00f1amiento del sistema de gesti\u00f3n de seguridad operacional basado en el c\u00f3digo IGSISM CODEDe acuerdo al C\u00f3digo IGS\/ISM Code y lo dispuesto en el Cap\u00edtulo IX del Convenio SOLAS, todas las Compa\u00f1\u00edas Navieras deben tener un Sistema de Gesti\u00f3n Operacional y Protecci\u00f3n del Medio Marino el [&hellip;]<\/p>\n","protected":false},"author":1,"featured_media":27,"parent":0,"menu_order":0,"comment_status":"closed","ping_status":"closed","template":"","meta":{"_et_pb_use_builder":"on","_et_pb_old_content":"","_et_gb_content_width":"","footnotes":""},"class_list":["post-192","page","type-page","status-publish","has-post-thumbnail","hentry"],"yoast_head":"<!-- This site is optimized with the Yoast SEO plugin v26.2 - https:\/\/yoast.com\/wordpress\/plugins\/seo\/ -->\n<title>GESTI\u00d3N DE LA SEGURIDAD OPERACIONAL - Barloventos Servicios<\/title>\n<meta name=\"robots\" content=\"index, follow, max-snippet:-1, max-image-preview:large, max-video-preview:-1\" \/>\n<link rel=\"canonical\" href=\"https:\/\/barloventoservicios.com\/web\/gestion-de-la-seguridad-operacional\/\" \/>\n<meta property=\"og:locale\" content=\"es_ES\" \/>\n<meta property=\"og:type\" content=\"article\" \/>\n<meta property=\"og:title\" content=\"GESTI\u00d3N DE LA SEGURIDAD OPERACIONAL - Barloventos Servicios\" \/>\n<meta property=\"og:description\" content=\"GESTI\u00d3N DE LA SEGURIDAD OPERACIONAL Elaboraci\u00f3n, dise\u00f1o, desarrollo, implementaci\u00f3n, acompa\u00f1amiento del sistema de gesti\u00f3n de seguridad operacional basado en el c\u00f3digo IGSISM CODEDe acuerdo al C\u00f3digo IGS\/ISM Code y lo dispuesto en el Cap\u00edtulo IX del Convenio SOLAS, todas las Compa\u00f1\u00edas Navieras deben tener un Sistema de Gesti\u00f3n Operacional y Protecci\u00f3n del Medio Marino el [&hellip;]\" \/>\n<meta property=\"og:url\" content=\"https:\/\/barloventoservicios.com\/web\/gestion-de-la-seguridad-operacional\/\" \/>\n<meta property=\"og:site_name\" content=\"Barloventos Servicios\" \/>\n<meta property=\"article:modified_time\" content=\"2025-10-15T21:50:32+00:00\" \/>\n<meta property=\"og:image\" content=\"https:\/\/barloventoservicios.com\/web\/wp-content\/uploads\/2025\/09\/Logo-Para-WP.png\" \/>\n\t<meta property=\"og:image:width\" content=\"500\" \/>\n\t<meta property=\"og:image:height\" content=\"500\" \/>\n\t<meta property=\"og:image:type\" content=\"image\/png\" \/>\n<meta name=\"twitter:card\" content=\"summary_large_image\" \/>\n<meta name=\"twitter:label1\" content=\"Tiempo de lectura\" \/>\n\t<meta name=\"twitter:data1\" content=\"2 minutos\" \/>\n<script type=\"application\/ld+json\" class=\"yoast-schema-graph\">{\"@context\":\"https:\/\/schema.org\",\"@graph\":[{\"@type\":\"WebPage\",\"@id\":\"https:\/\/barloventoservicios.com\/web\/gestion-de-la-seguridad-operacional\/\",\"url\":\"https:\/\/barloventoservicios.com\/web\/gestion-de-la-seguridad-operacional\/\",\"name\":\"GESTI\u00d3N DE LA SEGURIDAD OPERACIONAL - Barloventos Servicios\",\"isPartOf\":{\"@id\":\"https:\/\/barloventoservicios.com\/web\/#website\"},\"primaryImageOfPage\":{\"@id\":\"https:\/\/barloventoservicios.com\/web\/gestion-de-la-seguridad-operacional\/#primaryimage\"},\"image\":{\"@id\":\"https:\/\/barloventoservicios.com\/web\/gestion-de-la-seguridad-operacional\/#primaryimage\"},\"thumbnailUrl\":\"https:\/\/barloventoservicios.com\/web\/wp-content\/uploads\/2025\/09\/Logo-Para-WP.png\",\"datePublished\":\"2025-10-04T12:42:39+00:00\",\"dateModified\":\"2025-10-15T21:50:32+00:00\",\"breadcrumb\":{\"@id\":\"https:\/\/barloventoservicios.com\/web\/gestion-de-la-seguridad-operacional\/#breadcrumb\"},\"inLanguage\":\"es\",\"potentialAction\":[{\"@type\":\"ReadAction\",\"target\":[\"https:\/\/barloventoservicios.com\/web\/gestion-de-la-seguridad-operacional\/\"]}]},{\"@type\":\"ImageObject\",\"inLanguage\":\"es\",\"@id\":\"https:\/\/barloventoservicios.com\/web\/gestion-de-la-seguridad-operacional\/#primaryimage\",\"url\":\"https:\/\/barloventoservicios.com\/web\/wp-content\/uploads\/2025\/09\/Logo-Para-WP.png\",\"contentUrl\":\"https:\/\/barloventoservicios.com\/web\/wp-content\/uploads\/2025\/09\/Logo-Para-WP.png\",\"width\":500,\"height\":500},{\"@type\":\"BreadcrumbList\",\"@id\":\"https:\/\/barloventoservicios.com\/web\/gestion-de-la-seguridad-operacional\/#breadcrumb\",\"itemListElement\":[{\"@type\":\"ListItem\",\"position\":1,\"name\":\"Portada\",\"item\":\"https:\/\/barloventoservicios.com\/web\/\"},{\"@type\":\"ListItem\",\"position\":2,\"name\":\"GESTI\u00d3N DE LA SEGURIDAD OPERACIONAL\"}]},{\"@type\":\"WebSite\",\"@id\":\"https:\/\/barloventoservicios.com\/web\/#website\",\"url\":\"https:\/\/barloventoservicios.com\/web\/\",\"name\":\"Barloventos Servicios\",\"description\":\"\",\"publisher\":{\"@id\":\"https:\/\/barloventoservicios.com\/web\/#organization\"},\"potentialAction\":[{\"@type\":\"SearchAction\",\"target\":{\"@type\":\"EntryPoint\",\"urlTemplate\":\"https:\/\/barloventoservicios.com\/web\/?s={search_term_string}\"},\"query-input\":{\"@type\":\"PropertyValueSpecification\",\"valueRequired\":true,\"valueName\":\"search_term_string\"}}],\"inLanguage\":\"es\"},{\"@type\":\"Organization\",\"@id\":\"https:\/\/barloventoservicios.com\/web\/#organization\",\"name\":\"Barloventos Servicios\",\"url\":\"https:\/\/barloventoservicios.com\/web\/\",\"logo\":{\"@type\":\"ImageObject\",\"inLanguage\":\"es\",\"@id\":\"https:\/\/barloventoservicios.com\/web\/#\/schema\/logo\/image\/\",\"url\":\"https:\/\/barloventoservicios.com\/web\/wp-content\/uploads\/2025\/09\/cropped-Logo-Para-WP.png\",\"contentUrl\":\"https:\/\/barloventoservicios.com\/web\/wp-content\/uploads\/2025\/09\/cropped-Logo-Para-WP.png\",\"width\":512,\"height\":512,\"caption\":\"Barloventos Servicios\"},\"image\":{\"@id\":\"https:\/\/barloventoservicios.com\/web\/#\/schema\/logo\/image\/\"}}]}<\/script>\n<!-- \/ Yoast SEO plugin. -->","yoast_head_json":{"title":"GESTI\u00d3N DE LA SEGURIDAD OPERACIONAL - Barloventos Servicios","robots":{"index":"index","follow":"follow","max-snippet":"max-snippet:-1","max-image-preview":"max-image-preview:large","max-video-preview":"max-video-preview:-1"},"canonical":"https:\/\/barloventoservicios.com\/web\/gestion-de-la-seguridad-operacional\/","og_locale":"es_ES","og_type":"article","og_title":"GESTI\u00d3N DE LA SEGURIDAD OPERACIONAL - Barloventos Servicios","og_description":"GESTI\u00d3N DE LA SEGURIDAD OPERACIONAL Elaboraci\u00f3n, dise\u00f1o, desarrollo, implementaci\u00f3n, acompa\u00f1amiento del sistema de gesti\u00f3n de seguridad operacional basado en el c\u00f3digo IGSISM CODEDe acuerdo al C\u00f3digo IGS\/ISM Code y lo dispuesto en el Cap\u00edtulo IX del Convenio SOLAS, todas las Compa\u00f1\u00edas Navieras deben tener un Sistema de Gesti\u00f3n Operacional y Protecci\u00f3n del Medio Marino el [&hellip;]","og_url":"https:\/\/barloventoservicios.com\/web\/gestion-de-la-seguridad-operacional\/","og_site_name":"Barloventos Servicios","article_modified_time":"2025-10-15T21:50:32+00:00","og_image":[{"width":500,"height":500,"url":"https:\/\/barloventoservicios.com\/web\/wp-content\/uploads\/2025\/09\/Logo-Para-WP.png","type":"image\/png"}],"twitter_card":"summary_large_image","twitter_misc":{"Tiempo de lectura":"2 minutos"},"schema":{"@context":"https:\/\/schema.org","@graph":[{"@type":"WebPage","@id":"https:\/\/barloventoservicios.com\/web\/gestion-de-la-seguridad-operacional\/","url":"https:\/\/barloventoservicios.com\/web\/gestion-de-la-seguridad-operacional\/","name":"GESTI\u00d3N DE LA SEGURIDAD OPERACIONAL - Barloventos Servicios","isPartOf":{"@id":"https:\/\/barloventoservicios.com\/web\/#website"},"primaryImageOfPage":{"@id":"https:\/\/barloventoservicios.com\/web\/gestion-de-la-seguridad-operacional\/#primaryimage"},"image":{"@id":"https:\/\/barloventoservicios.com\/web\/gestion-de-la-seguridad-operacional\/#primaryimage"},"thumbnailUrl":"https:\/\/barloventoservicios.com\/web\/wp-content\/uploads\/2025\/09\/Logo-Para-WP.png","datePublished":"2025-10-04T12:42:39+00:00","dateModified":"2025-10-15T21:50:32+00:00","breadcrumb":{"@id":"https:\/\/barloventoservicios.com\/web\/gestion-de-la-seguridad-operacional\/#breadcrumb"},"inLanguage":"es","potentialAction":[{"@type":"ReadAction","target":["https:\/\/barloventoservicios.com\/web\/gestion-de-la-seguridad-operacional\/"]}]},{"@type":"ImageObject","inLanguage":"es","@id":"https:\/\/barloventoservicios.com\/web\/gestion-de-la-seguridad-operacional\/#primaryimage","url":"https:\/\/barloventoservicios.com\/web\/wp-content\/uploads\/2025\/09\/Logo-Para-WP.png","contentUrl":"https:\/\/barloventoservicios.com\/web\/wp-content\/uploads\/2025\/09\/Logo-Para-WP.png","width":500,"height":500},{"@type":"BreadcrumbList","@id":"https:\/\/barloventoservicios.com\/web\/gestion-de-la-seguridad-operacional\/#breadcrumb","itemListElement":[{"@type":"ListItem","position":1,"name":"Portada","item":"https:\/\/barloventoservicios.com\/web\/"},{"@type":"ListItem","position":2,"name":"GESTI\u00d3N DE LA SEGURIDAD OPERACIONAL"}]},{"@type":"WebSite","@id":"https:\/\/barloventoservicios.com\/web\/#website","url":"https:\/\/barloventoservicios.com\/web\/","name":"Barloventos Servicios","description":"","publisher":{"@id":"https:\/\/barloventoservicios.com\/web\/#organization"},"potentialAction":[{"@type":"SearchAction","target":{"@type":"EntryPoint","urlTemplate":"https:\/\/barloventoservicios.com\/web\/?s={search_term_string}"},"query-input":{"@type":"PropertyValueSpecification","valueRequired":true,"valueName":"search_term_string"}}],"inLanguage":"es"},{"@type":"Organization","@id":"https:\/\/barloventoservicios.com\/web\/#organization","name":"Barloventos Servicios","url":"https:\/\/barloventoservicios.com\/web\/","logo":{"@type":"ImageObject","inLanguage":"es","@id":"https:\/\/barloventoservicios.com\/web\/#\/schema\/logo\/image\/","url":"https:\/\/barloventoservicios.com\/web\/wp-content\/uploads\/2025\/09\/cropped-Logo-Para-WP.png","contentUrl":"https:\/\/barloventoservicios.com\/web\/wp-content\/uploads\/2025\/09\/cropped-Logo-Para-WP.png","width":512,"height":512,"caption":"Barloventos Servicios"},"image":{"@id":"https:\/\/barloventoservicios.com\/web\/#\/schema\/logo\/image\/"}}]}},"_links":{"self":[{"href":"https:\/\/barloventoservicios.com\/web\/wp-json\/wp\/v2\/pages\/192","targetHints":{"allow":["GET"]}}],"collection":[{"href":"https:\/\/barloventoservicios.com\/web\/wp-json\/wp\/v2\/pages"}],"about":[{"href":"https:\/\/barloventoservicios.com\/web\/wp-json\/wp\/v2\/types\/page"}],"author":[{"embeddable":true,"href":"https:\/\/barloventoservicios.com\/web\/wp-json\/wp\/v2\/users\/1"}],"replies":[{"embeddable":true,"href":"https:\/\/barloventoservicios.com\/web\/wp-json\/wp\/v2\/comments?post=192"}],"version-history":[{"count":7,"href":"https:\/\/barloventoservicios.com\/web\/wp-json\/wp\/v2\/pages\/192\/revisions"}],"predecessor-version":[{"id":317,"href":"https:\/\/barloventoservicios.com\/web\/wp-json\/wp\/v2\/pages\/192\/revisions\/317"}],"wp:featuredmedia":[{"embeddable":true,"href":"https:\/\/barloventoservicios.com\/web\/wp-json\/wp\/v2\/media\/27"}],"wp:attachment":[{"href":"https:\/\/barloventoservicios.com\/web\/wp-json\/wp\/v2\/media?parent=192"}],"curies":[{"name":"wp","href":"https:\/\/api.w.org\/{rel}","templated":true}]}}