{"id":176,"date":"2025-10-04T14:07:14","date_gmt":"2025-10-04T12:07:14","guid":{"rendered":"https:\/\/barloventoservicios.com\/web\/?page_id=176"},"modified":"2025-10-15T23:43:49","modified_gmt":"2025-10-15T21:43:49","slug":"nosotros","status":"publish","type":"page","link":"https:\/\/barloventoservicios.com\/web\/nosotros\/","title":{"rendered":"NOSOTROS"},"content":{"rendered":"<p>[et_pb_section fb_built=\u00bb1&#8243; _builder_version=\u00bb4.27.4&#8243; _module_preset=\u00bbdefault\u00bb background_image=\u00bbhttps:\/\/barloventoservicios.com\/web\/wp-content\/uploads\/2025\/10\/Banner-Nosotros.jpg\u00bb global_colors_info=\u00bb{}\u00bb][et_pb_row _builder_version=\u00bb4.27.4&#8243; _module_preset=\u00bbdefault\u00bb global_colors_info=\u00bb{}\u00bb][et_pb_column type=\u00bb4_4&#8243; _builder_version=\u00bb4.27.4&#8243; _module_preset=\u00bbdefault\u00bb global_colors_info=\u00bb{}\u00bb][\/et_pb_column][\/et_pb_row][et_pb_row _builder_version=\u00bb4.27.4&#8243; _module_preset=\u00bbdefault\u00bb global_colors_info=\u00bb{}\u00bb][et_pb_column type=\u00bb4_4&#8243; _builder_version=\u00bb4.27.4&#8243; _module_preset=\u00bbdefault\u00bb global_colors_info=\u00bb{}\u00bb][et_pb_text _builder_version=\u00bb4.27.4&#8243; _module_preset=\u00bbdefault\u00bb text_font=\u00bbPoppins||||||||\u00bb text_text_color=\u00bb#000000&#8243; header_font=\u00bbPoppins|600|||||||\u00bb header_text_color=\u00bb#FFFFFF\u00bb header_font_size=\u00bb40px\u00bb text_orientation=\u00bbcenter\u00bb global_colors_info=\u00bb{}\u00bb]<\/p>\n<h1>SOBRE NOSOTROS<\/h1>\n<p>[\/et_pb_text][\/et_pb_column][\/et_pb_row][et_pb_row _builder_version=\u00bb4.27.4&#8243; _module_preset=\u00bbdefault\u00bb global_colors_info=\u00bb{}\u00bb][et_pb_column type=\u00bb4_4&#8243; _builder_version=\u00bb4.27.4&#8243; _module_preset=\u00bbdefault\u00bb global_colors_info=\u00bb{}\u00bb][\/et_pb_column][\/et_pb_row][\/et_pb_section][et_pb_section fb_built=\u00bb1&#8243; _builder_version=\u00bb4.27.4&#8243; _module_preset=\u00bbdefault\u00bb global_colors_info=\u00bb{}\u00bb][et_pb_row _builder_version=\u00bb4.27.4&#8243; _module_preset=\u00bbdefault\u00bb global_colors_info=\u00bb{}\u00bb][et_pb_column type=\u00bb4_4&#8243; _builder_version=\u00bb4.27.4&#8243; _module_preset=\u00bbdefault\u00bb global_colors_info=\u00bb{}\u00bb][et_pb_image src=\u00bbhttps:\/\/barloventoservicios.com\/web\/wp-content\/uploads\/2025\/10\/Imagen-de-WhatsApp-2025-09-22-a-las-17.19.15_30aaddc2.jpg\u00bb title_text=\u00bbImagen de WhatsApp 2025-09-22 a las 17.19.15_30aaddc2&#8243; _builder_version=\u00bb4.27.4&#8243; _module_preset=\u00bbdefault\u00bb global_colors_info=\u00bb{}\u00bb][\/et_pb_image][et_pb_text _builder_version=\u00bb4.27.4&#8243; _module_preset=\u00bbdefault\u00bb text_text_color=\u00bb#000000&#8243; text_orientation=\u00bbjustified\u00bb hover_enabled=\u00bb0&#8243; global_colors_info=\u00bb{}\u00bb custom_css_free_form=\u00bbselector {||  text-align: justify;||  hyphens: auto;||  -webkit-hyphens: auto;||  -moz-hyphens: auto;||  -ms-hyphens: auto;||  overflow-wrap: break-word; \/* evita huecos grandes *\/||  word-break: normal;        \/* cortes normales de palabra *\/||  word-spacing: normal;||  letter-spacing: normal;||}||\u00bb sticky_enabled=\u00bb0&#8243;]<\/p>\n<p>Somos una empresa de servicios profesionales integrales en el sector Mar\u00edtimo, Naviero, Portuario, Industrial y Corporativo que bajo los valores de Seriedad, Humildad, Transparencia y Profesionalismo nos hemos propuesto brindar lo mejor de nosotros de forma individual y grupal para que nuestros clientes logren sus metas y objetivos.<\/p>\n<p>El equipo es liderado el Lic. Carlos de Arrascaeta y un grupo humano de gran profesionalismo con delegados y colaboradores en Paraguay, Argentina, Uruguay, Venezuela, Estados Unidos, Panam\u00e1, Espa\u00f1a y Brasil, as\u00ed como con alianzas estrat\u00e9gicas con empresas amigas en cada uno de los segmentos que participamos.<\/p>\n<p>Ello nos permite poder cubrir todas y cada una de las necesidades de nuestros clientes y permitirles que puedan desarrollar sus negocios y actividades con la mayor certeza de que con Barlovento Servicios Profesionales contar\u00e1 siempre y en todo momento Servicios, Profesionales.<\/p>\n<ul>\n<li>Seriedad<\/li>\n<li>Humildad<\/li>\n<li>Transparencia<\/li>\n<li>Profesionalismo<\/li>\n<\/ul>\n<p>Son las cuatro estrellas que gu\u00edan y marcan el rumbo de todo nuestro accionar<\/p>\n<p>[\/et_pb_text][\/et_pb_column][\/et_pb_row][\/et_pb_section]<\/p>\n","protected":false},"excerpt":{"rendered":"<p>SOBRE NOSOTROSSomos una empresa de servicios profesionales integrales en el sector Mar\u00edtimo, Naviero, Portuario, Industrial y Corporativo que bajo los valores de Seriedad, Humildad, Transparencia y Profesionalismo nos hemos propuesto brindar lo mejor de nosotros de forma individual y grupal para que nuestros clientes logren sus metas y objetivos. El equipo es liderado el Lic. [&hellip;]<\/p>\n","protected":false},"author":1,"featured_media":27,"parent":0,"menu_order":0,"comment_status":"closed","ping_status":"closed","template":"","meta":{"_et_pb_use_builder":"on","_et_pb_old_content":"","_et_gb_content_width":"","footnotes":""},"class_list":["post-176","page","type-page","status-publish","has-post-thumbnail","hentry"],"yoast_head":"<!-- This site is optimized with the Yoast SEO plugin v26.2 - https:\/\/yoast.com\/wordpress\/plugins\/seo\/ -->\n<title>NOSOTROS - Barloventos Servicios<\/title>\n<meta name=\"robots\" content=\"index, follow, max-snippet:-1, max-image-preview:large, max-video-preview:-1\" \/>\n<link rel=\"canonical\" href=\"https:\/\/barloventoservicios.com\/web\/nosotros\/\" \/>\n<meta property=\"og:locale\" content=\"es_ES\" \/>\n<meta property=\"og:type\" content=\"article\" \/>\n<meta property=\"og:title\" content=\"NOSOTROS - Barloventos Servicios\" \/>\n<meta property=\"og:description\" content=\"SOBRE NOSOTROSSomos una empresa de servicios profesionales integrales en el sector Mar\u00edtimo, Naviero, Portuario, Industrial y Corporativo que bajo los valores de Seriedad, Humildad, Transparencia y Profesionalismo nos hemos propuesto brindar lo mejor de nosotros de forma individual y grupal para que nuestros clientes logren sus metas y objetivos. El equipo es liderado el Lic. [&hellip;]\" \/>\n<meta property=\"og:url\" content=\"https:\/\/barloventoservicios.com\/web\/nosotros\/\" \/>\n<meta property=\"og:site_name\" content=\"Barloventos Servicios\" \/>\n<meta property=\"article:modified_time\" content=\"2025-10-15T21:43:49+00:00\" \/>\n<meta property=\"og:image\" content=\"https:\/\/barloventoservicios.com\/web\/wp-content\/uploads\/2025\/09\/Logo-Para-WP.png\" \/>\n\t<meta property=\"og:image:width\" content=\"500\" \/>\n\t<meta property=\"og:image:height\" content=\"500\" \/>\n\t<meta property=\"og:image:type\" content=\"image\/png\" \/>\n<meta name=\"twitter:card\" content=\"summary_large_image\" \/>\n<meta name=\"twitter:label1\" content=\"Tiempo de lectura\" \/>\n\t<meta name=\"twitter:data1\" content=\"2 minutos\" \/>\n<script type=\"application\/ld+json\" class=\"yoast-schema-graph\">{\"@context\":\"https:\/\/schema.org\",\"@graph\":[{\"@type\":\"WebPage\",\"@id\":\"https:\/\/barloventoservicios.com\/web\/nosotros\/\",\"url\":\"https:\/\/barloventoservicios.com\/web\/nosotros\/\",\"name\":\"NOSOTROS - Barloventos Servicios\",\"isPartOf\":{\"@id\":\"https:\/\/barloventoservicios.com\/web\/#website\"},\"primaryImageOfPage\":{\"@id\":\"https:\/\/barloventoservicios.com\/web\/nosotros\/#primaryimage\"},\"image\":{\"@id\":\"https:\/\/barloventoservicios.com\/web\/nosotros\/#primaryimage\"},\"thumbnailUrl\":\"https:\/\/barloventoservicios.com\/web\/wp-content\/uploads\/2025\/09\/Logo-Para-WP.png\",\"datePublished\":\"2025-10-04T12:07:14+00:00\",\"dateModified\":\"2025-10-15T21:43:49+00:00\",\"breadcrumb\":{\"@id\":\"https:\/\/barloventoservicios.com\/web\/nosotros\/#breadcrumb\"},\"inLanguage\":\"es\",\"potentialAction\":[{\"@type\":\"ReadAction\",\"target\":[\"https:\/\/barloventoservicios.com\/web\/nosotros\/\"]}]},{\"@type\":\"ImageObject\",\"inLanguage\":\"es\",\"@id\":\"https:\/\/barloventoservicios.com\/web\/nosotros\/#primaryimage\",\"url\":\"https:\/\/barloventoservicios.com\/web\/wp-content\/uploads\/2025\/09\/Logo-Para-WP.png\",\"contentUrl\":\"https:\/\/barloventoservicios.com\/web\/wp-content\/uploads\/2025\/09\/Logo-Para-WP.png\",\"width\":500,\"height\":500},{\"@type\":\"BreadcrumbList\",\"@id\":\"https:\/\/barloventoservicios.com\/web\/nosotros\/#breadcrumb\",\"itemListElement\":[{\"@type\":\"ListItem\",\"position\":1,\"name\":\"Portada\",\"item\":\"https:\/\/barloventoservicios.com\/web\/\"},{\"@type\":\"ListItem\",\"position\":2,\"name\":\"NOSOTROS\"}]},{\"@type\":\"WebSite\",\"@id\":\"https:\/\/barloventoservicios.com\/web\/#website\",\"url\":\"https:\/\/barloventoservicios.com\/web\/\",\"name\":\"Barloventos Servicios\",\"description\":\"\",\"publisher\":{\"@id\":\"https:\/\/barloventoservicios.com\/web\/#organization\"},\"potentialAction\":[{\"@type\":\"SearchAction\",\"target\":{\"@type\":\"EntryPoint\",\"urlTemplate\":\"https:\/\/barloventoservicios.com\/web\/?s={search_term_string}\"},\"query-input\":{\"@type\":\"PropertyValueSpecification\",\"valueRequired\":true,\"valueName\":\"search_term_string\"}}],\"inLanguage\":\"es\"},{\"@type\":\"Organization\",\"@id\":\"https:\/\/barloventoservicios.com\/web\/#organization\",\"name\":\"Barloventos Servicios\",\"url\":\"https:\/\/barloventoservicios.com\/web\/\",\"logo\":{\"@type\":\"ImageObject\",\"inLanguage\":\"es\",\"@id\":\"https:\/\/barloventoservicios.com\/web\/#\/schema\/logo\/image\/\",\"url\":\"https:\/\/barloventoservicios.com\/web\/wp-content\/uploads\/2025\/09\/cropped-Logo-Para-WP.png\",\"contentUrl\":\"https:\/\/barloventoservicios.com\/web\/wp-content\/uploads\/2025\/09\/cropped-Logo-Para-WP.png\",\"width\":512,\"height\":512,\"caption\":\"Barloventos Servicios\"},\"image\":{\"@id\":\"https:\/\/barloventoservicios.com\/web\/#\/schema\/logo\/image\/\"}}]}<\/script>\n<!-- \/ Yoast SEO plugin. -->","yoast_head_json":{"title":"NOSOTROS - Barloventos Servicios","robots":{"index":"index","follow":"follow","max-snippet":"max-snippet:-1","max-image-preview":"max-image-preview:large","max-video-preview":"max-video-preview:-1"},"canonical":"https:\/\/barloventoservicios.com\/web\/nosotros\/","og_locale":"es_ES","og_type":"article","og_title":"NOSOTROS - Barloventos Servicios","og_description":"SOBRE NOSOTROSSomos una empresa de servicios profesionales integrales en el sector Mar\u00edtimo, Naviero, Portuario, Industrial y Corporativo que bajo los valores de Seriedad, Humildad, Transparencia y Profesionalismo nos hemos propuesto brindar lo mejor de nosotros de forma individual y grupal para que nuestros clientes logren sus metas y objetivos. El equipo es liderado el Lic. [&hellip;]","og_url":"https:\/\/barloventoservicios.com\/web\/nosotros\/","og_site_name":"Barloventos Servicios","article_modified_time":"2025-10-15T21:43:49+00:00","og_image":[{"width":500,"height":500,"url":"https:\/\/barloventoservicios.com\/web\/wp-content\/uploads\/2025\/09\/Logo-Para-WP.png","type":"image\/png"}],"twitter_card":"summary_large_image","twitter_misc":{"Tiempo de lectura":"2 minutos"},"schema":{"@context":"https:\/\/schema.org","@graph":[{"@type":"WebPage","@id":"https:\/\/barloventoservicios.com\/web\/nosotros\/","url":"https:\/\/barloventoservicios.com\/web\/nosotros\/","name":"NOSOTROS - Barloventos Servicios","isPartOf":{"@id":"https:\/\/barloventoservicios.com\/web\/#website"},"primaryImageOfPage":{"@id":"https:\/\/barloventoservicios.com\/web\/nosotros\/#primaryimage"},"image":{"@id":"https:\/\/barloventoservicios.com\/web\/nosotros\/#primaryimage"},"thumbnailUrl":"https:\/\/barloventoservicios.com\/web\/wp-content\/uploads\/2025\/09\/Logo-Para-WP.png","datePublished":"2025-10-04T12:07:14+00:00","dateModified":"2025-10-15T21:43:49+00:00","breadcrumb":{"@id":"https:\/\/barloventoservicios.com\/web\/nosotros\/#breadcrumb"},"inLanguage":"es","potentialAction":[{"@type":"ReadAction","target":["https:\/\/barloventoservicios.com\/web\/nosotros\/"]}]},{"@type":"ImageObject","inLanguage":"es","@id":"https:\/\/barloventoservicios.com\/web\/nosotros\/#primaryimage","url":"https:\/\/barloventoservicios.com\/web\/wp-content\/uploads\/2025\/09\/Logo-Para-WP.png","contentUrl":"https:\/\/barloventoservicios.com\/web\/wp-content\/uploads\/2025\/09\/Logo-Para-WP.png","width":500,"height":500},{"@type":"BreadcrumbList","@id":"https:\/\/barloventoservicios.com\/web\/nosotros\/#breadcrumb","itemListElement":[{"@type":"ListItem","position":1,"name":"Portada","item":"https:\/\/barloventoservicios.com\/web\/"},{"@type":"ListItem","position":2,"name":"NOSOTROS"}]},{"@type":"WebSite","@id":"https:\/\/barloventoservicios.com\/web\/#website","url":"https:\/\/barloventoservicios.com\/web\/","name":"Barloventos Servicios","description":"","publisher":{"@id":"https:\/\/barloventoservicios.com\/web\/#organization"},"potentialAction":[{"@type":"SearchAction","target":{"@type":"EntryPoint","urlTemplate":"https:\/\/barloventoservicios.com\/web\/?s={search_term_string}"},"query-input":{"@type":"PropertyValueSpecification","valueRequired":true,"valueName":"search_term_string"}}],"inLanguage":"es"},{"@type":"Organization","@id":"https:\/\/barloventoservicios.com\/web\/#organization","name":"Barloventos Servicios","url":"https:\/\/barloventoservicios.com\/web\/","logo":{"@type":"ImageObject","inLanguage":"es","@id":"https:\/\/barloventoservicios.com\/web\/#\/schema\/logo\/image\/","url":"https:\/\/barloventoservicios.com\/web\/wp-content\/uploads\/2025\/09\/cropped-Logo-Para-WP.png","contentUrl":"https:\/\/barloventoservicios.com\/web\/wp-content\/uploads\/2025\/09\/cropped-Logo-Para-WP.png","width":512,"height":512,"caption":"Barloventos Servicios"},"image":{"@id":"https:\/\/barloventoservicios.com\/web\/#\/schema\/logo\/image\/"}}]}},"_links":{"self":[{"href":"https:\/\/barloventoservicios.com\/web\/wp-json\/wp\/v2\/pages\/176","targetHints":{"allow":["GET"]}}],"collection":[{"href":"https:\/\/barloventoservicios.com\/web\/wp-json\/wp\/v2\/pages"}],"about":[{"href":"https:\/\/barloventoservicios.com\/web\/wp-json\/wp\/v2\/types\/page"}],"author":[{"embeddable":true,"href":"https:\/\/barloventoservicios.com\/web\/wp-json\/wp\/v2\/users\/1"}],"replies":[{"embeddable":true,"href":"https:\/\/barloventoservicios.com\/web\/wp-json\/wp\/v2\/comments?post=176"}],"version-history":[{"count":9,"href":"https:\/\/barloventoservicios.com\/web\/wp-json\/wp\/v2\/pages\/176\/revisions"}],"predecessor-version":[{"id":314,"href":"https:\/\/barloventoservicios.com\/web\/wp-json\/wp\/v2\/pages\/176\/revisions\/314"}],"wp:featuredmedia":[{"embeddable":true,"href":"https:\/\/barloventoservicios.com\/web\/wp-json\/wp\/v2\/media\/27"}],"wp:attachment":[{"href":"https:\/\/barloventoservicios.com\/web\/wp-json\/wp\/v2\/media?parent=176"}],"curies":[{"name":"wp","href":"https:\/\/api.w.org\/{rel}","templated":true}]}}